{"id":1797,"date":"2024-12-13T20:43:33","date_gmt":"2024-12-13T19:43:33","guid":{"rendered":"https:\/\/www.fiducie-r.ch\/en-pratique-2\/"},"modified":"2026-03-14T15:49:47","modified_gmt":"2026-03-14T14:49:47","slug":"in-der-praxis","status":"publish","type":"page","link":"https:\/\/www.fiducie-r.ch\/de\/in-der-praxis\/","title":{"rendered":"In der Praxis"},"content":{"rendered":"\t\t<div data-elementor-type=\"wp-page\" data-elementor-id=\"1797\" class=\"elementor elementor-1797 elementor-222\" data-elementor-post-type=\"page\">\n\t\t\t\t\t\t<section class=\"elementor-section elementor-top-section elementor-element elementor-element-6f93f1f5 elementor-section-height-min-height elementor-section-boxed elementor-section-height-default elementor-section-items-middle\" data-id=\"6f93f1f5\" data-element_type=\"section\" data-e-type=\"section\" data-settings=\"{&quot;background_background&quot;:&quot;classic&quot;}\">\n\t\t\t\t\t\t\t<div class=\"elementor-background-overlay\"><\/div>\n\t\t\t\t\t\t\t<div class=\"elementor-container elementor-column-gap-default\">\n\t\t\t\t\t<div class=\"elementor-column elementor-col-100 elementor-top-column elementor-element elementor-element-33e84837\" data-id=\"33e84837\" data-element_type=\"column\" data-e-type=\"column\">\n\t\t\t<div class=\"elementor-widget-wrap elementor-element-populated\">\n\t\t\t\t\t\t<div class=\"elementor-element elementor-element-5bcff6d8 elementor-invisible elementor-widget elementor-widget-heading\" data-id=\"5bcff6d8\" data-element_type=\"widget\" data-e-type=\"widget\" data-settings=\"{&quot;_animation&quot;:&quot;fadeInUp&quot;}\" data-widget_type=\"heading.default\">\n\t\t\t\t<div class=\"elementor-widget-container\">\n\t\t\t\t\t<h2 class=\"elementor-heading-title elementor-size-default\">Neuigkeiten und Praxisbeispiele<\/h2>\t\t\t\t<\/div>\n\t\t\t\t<\/div>\n\t\t\t\t<div class=\"elementor-element elementor-element-44f8ea42 elementor-icon-list--layout-inline elementor-align-center elementor-list-item-link-full_width elementor-invisible elementor-widget elementor-widget-icon-list\" data-id=\"44f8ea42\" data-element_type=\"widget\" data-e-type=\"widget\" data-settings=\"{&quot;_animation&quot;:&quot;fadeInUp&quot;,&quot;_animation_delay&quot;:200}\" data-widget_type=\"icon-list.default\">\n\t\t\t\t<div class=\"elementor-widget-container\">\n\t\t\t\t\t\t\t<ul class=\"elementor-icon-list-items elementor-inline-items\">\n\t\t\t\t\t\t\t<li class=\"elementor-icon-list-item elementor-inline-item\">\n\t\t\t\t\t\t\t\t\t\t<span class=\"elementor-icon-list-text\">Startseite<\/span>\n\t\t\t\t\t\t\t\t\t<\/li>\n\t\t\t\t\t\t\t\t<li class=\"elementor-icon-list-item elementor-inline-item\">\n\t\t\t\t\t\t\t\t\t\t\t<span class=\"elementor-icon-list-icon\">\n\t\t\t\t\t\t\t<svg aria-hidden=\"true\" class=\"e-font-icon-svg e-fas-long-arrow-alt-right\" viewBox=\"0 0 448 512\" xmlns=\"http:\/\/www.w3.org\/2000\/svg\"><path d=\"M313.941 216H12c-6.627 0-12 5.373-12 12v56c0 6.627 5.373 12 12 12h301.941v46.059c0 21.382 25.851 32.09 40.971 16.971l86.059-86.059c9.373-9.373 9.373-24.569 0-33.941l-86.059-86.059c-15.119-15.119-40.971-4.411-40.971 16.971V216z\"><\/path><\/svg>\t\t\t\t\t\t<\/span>\n\t\t\t\t\t\t\t\t\t\t<span class=\"elementor-icon-list-text\">In der Praxis<\/span>\n\t\t\t\t\t\t\t\t\t<\/li>\n\t\t\t\t\t\t<\/ul>\n\t\t\t\t\t\t<\/div>\n\t\t\t\t<\/div>\n\t\t\t\t\t<\/div>\n\t\t<\/div>\n\t\t\t\t\t<\/div>\n\t\t<\/section>\n\t\t\t\t<section class=\"elementor-section elementor-top-section elementor-element elementor-element-46f60f5c elementor-section-boxed elementor-section-height-default elementor-section-height-default\" data-id=\"46f60f5c\" data-element_type=\"section\" data-e-type=\"section\">\n\t\t\t\t\t\t<div class=\"elementor-container elementor-column-gap-default\">\n\t\t\t\t\t<div class=\"elementor-column elementor-col-50 elementor-top-column elementor-element elementor-element-7ff0aa95 elementor-invisible\" data-id=\"7ff0aa95\" data-element_type=\"column\" data-e-type=\"column\" data-settings=\"{&quot;animation&quot;:&quot;fadeIn&quot;,&quot;animation_delay&quot;:200}\">\n\t\t\t<div class=\"elementor-widget-wrap elementor-element-populated\">\n\t\t\t\t\t\t<div class=\"elementor-element elementor-element-9d0ba07 elementor-widget elementor-widget-menu-anchor\" data-id=\"9d0ba07\" data-element_type=\"widget\" data-e-type=\"widget\" data-widget_type=\"menu-anchor.default\">\n\t\t\t\t<div class=\"elementor-widget-container\">\n\t\t\t\t\t\t\t<div class=\"elementor-menu-anchor\" id=\"assurancessociales\"><\/div>\n\t\t\t\t\t\t<\/div>\n\t\t\t\t<\/div>\n\t\t\t\t<div class=\"elementor-element elementor-element-68edf5c elementor-invisible elementor-widget elementor-widget-heading\" data-id=\"68edf5c\" data-element_type=\"widget\" data-e-type=\"widget\" data-settings=\"{&quot;_animation&quot;:&quot;fadeInUp&quot;}\" data-widget_type=\"heading.default\">\n\t\t\t\t<div class=\"elementor-widget-container\">\n\t\t\t\t\t<h3 class=\"elementor-heading-title elementor-size-default\">Sozialversicherungen<\/h3>\t\t\t\t<\/div>\n\t\t\t\t<\/div>\n\t\t\t\t<div class=\"elementor-element elementor-element-c7fa45b elementor-invisible elementor-widget elementor-widget-heading\" data-id=\"c7fa45b\" data-element_type=\"widget\" data-e-type=\"widget\" data-settings=\"{&quot;_animation&quot;:&quot;fadeInUp&quot;,&quot;_animation_delay&quot;:200}\" data-widget_type=\"heading.default\">\n\t\t\t\t<div class=\"elementor-widget-container\">\n\t\t\t\t\t<h2 class=\"elementor-heading-title elementor-size-default\">Verwaltung der Sozialversicherungen bei grenz\u00fcberschreitender Arbeit<\/h2>\t\t\t\t<\/div>\n\t\t\t\t<\/div>\n\t\t\t\t<div class=\"elementor-element elementor-element-1ddc667 elementor-widget-divider--view-line elementor-invisible elementor-widget elementor-widget-divider\" data-id=\"1ddc667\" data-element_type=\"widget\" data-e-type=\"widget\" data-settings=\"{&quot;_animation&quot;:&quot;fadeInUp&quot;,&quot;_animation_delay&quot;:300}\" data-widget_type=\"divider.default\">\n\t\t\t\t<div class=\"elementor-widget-container\">\n\t\t\t\t\t\t\t<div class=\"elementor-divider\">\n\t\t\t<span class=\"elementor-divider-separator\">\n\t\t\t\t\t\t<\/span>\n\t\t<\/div>\n\t\t\t\t\t\t<\/div>\n\t\t\t\t<\/div>\n\t\t\t\t<div class=\"elementor-element elementor-element-7dcf139 elementor-widget elementor-widget-text-editor\" data-id=\"7dcf139\" data-element_type=\"widget\" data-e-type=\"widget\" data-widget_type=\"text-editor.default\">\n\t\t\t\t<div class=\"elementor-widget-container\">\n\t\t\t\t\t\t\t\t\t<p data-pm-slice=\"1 1 []\">Eine <strong>\u00f6ffentliche Einrichtung<\/strong> der Schweiz sah sich mit einer komplexen Problematik im Zusammenhang mit den <strong>Sozialversicherungen<\/strong> einer in einem Land der <strong>Europ\u00e4ischen Union<\/strong> wohnhaften Mitarbeiterin konfrontiert, die <strong>Telearbeit<\/strong> leistete.<\/p><p>Der rechtliche Rahmen der Sozialversicherungen ist besonders heikel, wenn ein Mitarbeiter aus der Ferne in einem anderen Land arbeitet. Zun\u00e4chst ging es darum, <strong>welches Sozialversicherungssystem anzuwenden ist.<\/strong> Aufgrund der verschiedenen Abkommen, an denen die Schweiz beteiligt ist, spielt die Aufteilung der Arbeitszeit zwischen der Schweiz und dem Wohnsitzland des Mitarbeiters eine entscheidende Rolle bei dieser Bestimmung.<\/p><p>Nachdem der zust\u00e4ndige Staat f\u00fcr die Sozialversicherungen ermittelt wurde, \u00fcbernahm Fiducie\u2019r die notwendigen Meldungen bei den zust\u00e4ndigen ausl\u00e4ndischen Stellen sowie die \u00dcberwachung der monatlichen Meldepflichten des Arbeitgebers. Wir sorgten zudem f\u00fcr die Koordination mit der schweizerischen Ausgleichskasse, um eine Doppelbeitragszahlung zu vermeiden.<\/p><h6><strong>Eine zus\u00e4tzliche Komplexit\u00e4t: die Mutterschaft<\/strong><\/h6><p>Die Mutterschaft der Mitarbeiterin brachte eine zus\u00e4tzliche Komplexit\u00e4t in diese Situation. Obwohl sie einen schweizerischen Arbeitsvertrag abgeschlossen hatte, profitierte die Mitarbeiterin von den Sozialversicherungsbedingungen ihres Wohnsitzlandes. Da sich die <strong>Rechte und Pflichten<\/strong> der beiden Systeme nicht vollst\u00e4ndig \u00fcberschneiden, schlug Fiducie\u2019r eine pragmatische L\u00f6sung vor, die sowohl die Wahrung der Rechte der Mitarbeiterin als auch die Aspekte des Arbeitsvertrags gew\u00e4hrleistet. Anschlie\u00dfend f\u00fchrten wir die notwendigen Schritte bei den Stellen des Wohnsitzlandes f\u00fcr die Auszahlung der Mutterschaftsentsch\u00e4digungen durch.<\/p><p>Aufgrund der Anzahl der beteiligten Ansprechpartner und der technischen Komplexit\u00e4t einiger von ihnen veranschaulicht dieser Fall die <strong>administrative Komplexit\u00e4t der grenz\u00fcberschreitenden Telearbeit<\/strong>, der Arbeitgeber gegen\u00fcberstehen k\u00f6nnen.<\/p>\t\t\t\t\t\t\t\t<\/div>\n\t\t\t\t<\/div>\n\t\t\t\t<div class=\"elementor-element elementor-element-5cb9672 elementor-widget elementor-widget-menu-anchor\" data-id=\"5cb9672\" data-element_type=\"widget\" data-e-type=\"widget\" data-widget_type=\"menu-anchor.default\">\n\t\t\t\t<div class=\"elementor-widget-container\">\n\t\t\t\t\t\t\t<div class=\"elementor-menu-anchor\" id=\"immobilire\"><\/div>\n\t\t\t\t\t\t<\/div>\n\t\t\t\t<\/div>\n\t\t\t\t<div class=\"elementor-element elementor-element-3d35ee9 elementor-invisible elementor-widget elementor-widget-heading\" data-id=\"3d35ee9\" data-element_type=\"widget\" data-e-type=\"widget\" data-settings=\"{&quot;_animation&quot;:&quot;fadeInUp&quot;}\" data-widget_type=\"heading.default\">\n\t\t\t\t<div class=\"elementor-widget-container\">\n\t\t\t\t\t<h3 class=\"elementor-heading-title elementor-size-default\">Erbschaften<\/h3>\t\t\t\t<\/div>\n\t\t\t\t<\/div>\n\t\t\t\t<div class=\"elementor-element elementor-element-2ddadeb elementor-invisible elementor-widget elementor-widget-heading\" data-id=\"2ddadeb\" data-element_type=\"widget\" data-e-type=\"widget\" data-settings=\"{&quot;_animation&quot;:&quot;fadeInUp&quot;,&quot;_animation_delay&quot;:200}\" data-widget_type=\"heading.default\">\n\t\t\t\t<div class=\"elementor-widget-container\">\n\t\t\t\t\t<h2 class=\"elementor-heading-title elementor-size-default\">Verwaltung von interkantonalen Erbschaften mit Immobilien<\/h2>\t\t\t\t<\/div>\n\t\t\t\t<\/div>\n\t\t\t\t<div class=\"elementor-element elementor-element-cb52566 elementor-widget-divider--view-line elementor-invisible elementor-widget elementor-widget-divider\" data-id=\"cb52566\" data-element_type=\"widget\" data-e-type=\"widget\" data-settings=\"{&quot;_animation&quot;:&quot;fadeInUp&quot;,&quot;_animation_delay&quot;:300}\" data-widget_type=\"divider.default\">\n\t\t\t\t<div class=\"elementor-widget-container\">\n\t\t\t\t\t\t\t<div class=\"elementor-divider\">\n\t\t\t<span class=\"elementor-divider-separator\">\n\t\t\t\t\t\t<\/span>\n\t\t<\/div>\n\t\t\t\t\t\t<\/div>\n\t\t\t\t<\/div>\n\t\t\t\t<div class=\"elementor-element elementor-element-7b83c1e elementor-widget elementor-widget-text-editor\" data-id=\"7b83c1e\" data-element_type=\"widget\" data-e-type=\"widget\" data-widget_type=\"text-editor.default\">\n\t\t\t\t<div class=\"elementor-widget-container\">\n\t\t\t\t\t\t\t\t\t<p><span style=\"font-weight: 400;\">Erben mit Wohnsitz in verschiedenen Kantonen, Immobilien ebenfalls in mehreren Kantonen und Wertschriftendepots bei mehreren Nachlassverwaltungen: Die Verwaltung eines Nachlasses kann schnell zu einer steuerlichen und administrativen Herausforderung werden.<\/span><\/p><p><span style=\"font-weight: 400;\">Die steuerlichen Folgen eines Nachlasses variieren je nach Wohnsitzkanton der Erben und dem Standort der Verm\u00f6genswerte. Die Hauptprobleme bei der interkantonalen Besteuerung liegen oft in der Fairness der steuerlichen Aufteilung und, ganz pragmatisch, in der Koh\u00e4renz, manchmal auch Inkoh\u00e4renz, der Handlungen der verschiedenen Steuerbeh\u00f6rden. Abgesehen von der Komplexit\u00e4t durch die verschiedenen Besteuerungsorte sind auch die \u00fcblichen Elemente wie Unterhalts- und Renovationskosten sowie Mietertr\u00e4ge und Finanzertr\u00e4ge zu ber\u00fccksichtigen. In diesem Fall hat Fiducie\u2019r die steuerliche Konformit\u00e4t einer der Nachlassverwaltungen und eines Teils der Erben \u00fcbernommen. Diese \u00dcbernahme erfordert jedoch auch die Verwaltung der Verkn\u00fcpfungen, da ein Erbe seine steuerlichen Verpflichtungen nicht erf\u00fcllen kann, bevor die steuerlichen Folgen der Nachlassverwaltung, der er angeh\u00f6rt, gekl\u00e4rt sind. Manchmal in Zusammenarbeit mit den Steuerbeh\u00f6rden, manchmal im Rechtsweg, hat Fiducie\u2019r zu einer korrekten Analyse der Elemente der Steuerveranlagungen beigetragen, die mit den verschiedenen interkantonalen Aufteilungen zusammenh\u00e4ngen.<\/span><\/p><p><span style=\"font-weight: 400;\">Ein weiterer Faktor, den Fiducie\u2019r selbstverst\u00e4ndlich bew\u00e4ltigen musste, ist die Verwaltung der Fristen und der von den Steuerbeh\u00f6rden bei ihren Steuerveranlagungen angesammelten Verz\u00f6gerungen, ein wiederkehrendes Problem in einigen Kantonen. Durch sein Eingreifen konnte Fiducie\u2019r die vielf\u00e4ltigen Besteuerungsprozesse koordinieren, Fristen antizipieren und die notwendigen Schritte einleiten, um eine effiziente steuerliche Verwaltung sicherzustellen.<\/span><\/p>\t\t\t\t\t\t\t\t<\/div>\n\t\t\t\t<\/div>\n\t\t\t\t<div class=\"elementor-element elementor-element-962f873 elementor-widget elementor-widget-menu-anchor\" data-id=\"962f873\" data-element_type=\"widget\" data-e-type=\"widget\" data-widget_type=\"menu-anchor.default\">\n\t\t\t\t<div class=\"elementor-widget-container\">\n\t\t\t\t\t\t\t<div class=\"elementor-menu-anchor\" id=\"immobilire\"><\/div>\n\t\t\t\t\t\t<\/div>\n\t\t\t\t<\/div>\n\t\t\t\t<div class=\"elementor-element elementor-element-e749f2b elementor-invisible elementor-widget elementor-widget-heading\" data-id=\"e749f2b\" data-element_type=\"widget\" data-e-type=\"widget\" data-settings=\"{&quot;_animation&quot;:&quot;fadeInUp&quot;}\" data-widget_type=\"heading.default\">\n\t\t\t\t<div class=\"elementor-widget-container\">\n\t\t\t\t\t<h3 class=\"elementor-heading-title elementor-size-default\">Buchhaltung und Governance<\/h3>\t\t\t\t<\/div>\n\t\t\t\t<\/div>\n\t\t\t\t<div class=\"elementor-element elementor-element-41b695e elementor-invisible elementor-widget elementor-widget-heading\" data-id=\"41b695e\" data-element_type=\"widget\" data-e-type=\"widget\" data-settings=\"{&quot;_animation&quot;:&quot;fadeInUp&quot;,&quot;_animation_delay&quot;:200}\" data-widget_type=\"heading.default\">\n\t\t\t\t<div class=\"elementor-widget-container\">\n\t\t\t\t\t<h2 class=\"elementor-heading-title elementor-size-default\">Sportverband und Berufung beim TAS<\/h2>\t\t\t\t<\/div>\n\t\t\t\t<\/div>\n\t\t\t\t<div class=\"elementor-element elementor-element-0a6cf69 elementor-widget-divider--view-line elementor-invisible elementor-widget elementor-widget-divider\" data-id=\"0a6cf69\" data-element_type=\"widget\" data-e-type=\"widget\" data-settings=\"{&quot;_animation&quot;:&quot;fadeInUp&quot;,&quot;_animation_delay&quot;:300}\" data-widget_type=\"divider.default\">\n\t\t\t\t<div class=\"elementor-widget-container\">\n\t\t\t\t\t\t\t<div class=\"elementor-divider\">\n\t\t\t<span class=\"elementor-divider-separator\">\n\t\t\t\t\t\t<\/span>\n\t\t<\/div>\n\t\t\t\t\t\t<\/div>\n\t\t\t\t<\/div>\n\t\t\t\t<div class=\"elementor-element elementor-element-842e04a elementor-widget elementor-widget-text-editor\" data-id=\"842e04a\" data-element_type=\"widget\" data-e-type=\"widget\" data-widget_type=\"text-editor.default\">\n\t\t\t\t<div class=\"elementor-widget-container\">\n\t\t\t\t\t\t\t\t\t<p><span style=\"font-weight: 400;\">Im Rahmen seines Engagements bei einem schweizerischen Sportverband sitzt ein Partner von Fiducie\u2019r im Exekutivkomitee sowie in Gremien, die die Governance dieses Verbands sicherstellen. Diese Gremien spielen eine zentrale Rolle bei der Pr\u00fcfung der von den Vereinen eingereichten Spielerlizenzantr\u00e4ge und achten dabei auf deren finanzielle Tragf\u00e4higkeit. Jeder Bewerberverein muss daher eine detaillierte Akte vorlegen, die finanzielle Garantien enth\u00e4lt, welche seine F\u00e4higkeit zur Erf\u00fcllung seiner Verpflichtungen belegen. Sind diese Garantien unzureichend oder nicht vorhanden, kann die Lizenz verweigert werden. In diesem Fall haben die Vereine jedoch ein Rechtsmittel, und ihre Akte wird anschlie\u00dfend von einer Kommission mit drei Mitgliedern, darunter unser Partner, erneut gepr\u00fcft. Wird die Ablehnung best\u00e4tigt, hat der Verein die M\u00f6glichkeit, das Sport-Schiedsgericht (TAS) in Lausanne anzurufen.<\/span><\/p><p><span style=\"font-weight: 400;\">So verhielt es sich bei einem Mitglied des Verbands, das trotz der finanziellen Schwierigkeiten des Vereins versuchte, die Erteilung der Lizenz aufgrund au\u00dfergew\u00f6hnlicher Umst\u00e4nde zu rechtfertigen. In Zusammenarbeit mit spezialisierten Anw\u00e4lten hat Fiducie\u2019r die Verteidigung des Verbands durch die Vorbereitung des buchhalterischen und finanziellen Teils der technischen Akte unterst\u00fctzt. Das TAS wies in diesem Fall das Rechtsmittel des Vereins zur\u00fcck und best\u00e4tigte damit die von Fiducie\u2019r vorgenommene Analyse der wirtschaftlichen Leistungsf\u00e4higkeit des Vereins.<\/span><\/p>\t\t\t\t\t\t\t\t<\/div>\n\t\t\t\t<\/div>\n\t\t\t\t<div class=\"elementor-element elementor-element-9d262b9 elementor-widget elementor-widget-menu-anchor\" data-id=\"9d262b9\" data-element_type=\"widget\" data-e-type=\"widget\" data-widget_type=\"menu-anchor.default\">\n\t\t\t\t<div class=\"elementor-widget-container\">\n\t\t\t\t\t\t\t<div class=\"elementor-menu-anchor\" id=\"immobilire\"><\/div>\n\t\t\t\t\t\t<\/div>\n\t\t\t\t<\/div>\n\t\t\t\t<div class=\"elementor-element elementor-element-24bc93e elementor-invisible elementor-widget elementor-widget-heading\" data-id=\"24bc93e\" data-element_type=\"widget\" data-e-type=\"widget\" data-settings=\"{&quot;_animation&quot;:&quot;fadeInUp&quot;}\" data-widget_type=\"heading.default\">\n\t\t\t\t<div class=\"elementor-widget-container\">\n\t\t\t\t\t<h3 class=\"elementor-heading-title elementor-size-default\">Gesellschaften<\/h3>\t\t\t\t<\/div>\n\t\t\t\t<\/div>\n\t\t\t\t<div class=\"elementor-element elementor-element-8e12219 elementor-invisible elementor-widget elementor-widget-heading\" data-id=\"8e12219\" data-element_type=\"widget\" data-e-type=\"widget\" data-settings=\"{&quot;_animation&quot;:&quot;fadeInUp&quot;,&quot;_animation_delay&quot;:200}\" data-widget_type=\"heading.default\">\n\t\t\t\t<div class=\"elementor-widget-container\">\n\t\t\t\t\t<h2 class=\"elementor-heading-title elementor-size-default\">Umstrukturierung eines Unternehmens mit Gr\u00fcndung einer franz\u00f6sisch-schweizerischen Holdinggesellschaft<\/h2>\t\t\t\t<\/div>\n\t\t\t\t<\/div>\n\t\t\t\t<div class=\"elementor-element elementor-element-e2cbf02 elementor-widget-divider--view-line elementor-invisible elementor-widget elementor-widget-divider\" data-id=\"e2cbf02\" data-element_type=\"widget\" data-e-type=\"widget\" data-settings=\"{&quot;_animation&quot;:&quot;fadeInUp&quot;,&quot;_animation_delay&quot;:300}\" data-widget_type=\"divider.default\">\n\t\t\t\t<div class=\"elementor-widget-container\">\n\t\t\t\t\t\t\t<div class=\"elementor-divider\">\n\t\t\t<span class=\"elementor-divider-separator\">\n\t\t\t\t\t\t<\/span>\n\t\t<\/div>\n\t\t\t\t\t\t<\/div>\n\t\t\t\t<\/div>\n\t\t\t\t<div class=\"elementor-element elementor-element-9e86570 elementor-widget elementor-widget-text-editor\" data-id=\"9e86570\" data-element_type=\"widget\" data-e-type=\"widget\" data-widget_type=\"text-editor.default\">\n\t\t\t\t<div class=\"elementor-widget-container\">\n\t\t\t\t\t\t\t\t\t<p>Im Rahmen einer Unternehmensrestrukturierung hat Fiducie\u2019r Schweizer und franz\u00f6sische Aktion\u00e4re bei der Gr\u00fcndung einer Holding begleitet, die dazu bestimmt ist, ihre verschiedenen Handels- und Immobiliengesellschaften zusammenzufassen.<br \/>Ziel war es, die Verwaltung der Beteiligungen zu optimieren, indem eine Holding strukturiert wurde, die die Anteile der Gesellschaften h\u00e4lt, sowie eine Immobiliengesellschaft geschaffen wurde, die sich dem Kauf und der Verwaltung von Immobilien in Frankreich widmet. Die Komplexit\u00e4t des Projekts lag in der Doppelregulierung der steuerlichen und rechtlichen Vorschriften zwischen der Schweiz und Frankreich, was eine eingehende Analyse der grenz\u00fcberschreitenden steuerlichen Auswirkungen erforderte.<\/p>\t\t\t\t\t\t\t\t<\/div>\n\t\t\t\t<\/div>\n\t\t\t\t\t<\/div>\n\t\t<\/div>\n\t\t\t\t<div class=\"elementor-column elementor-col-50 elementor-top-column elementor-element elementor-element-1d68692f elementor-invisible\" data-id=\"1d68692f\" data-element_type=\"column\" data-e-type=\"column\" data-settings=\"{&quot;animation&quot;:&quot;fadeIn&quot;,&quot;animation_delay&quot;:400}\">\n\t\t\t<div class=\"elementor-widget-wrap\">\n\t\t\t\t\t\t\t<\/div>\n\t\t<\/div>\n\t\t\t\t\t<\/div>\n\t\t<\/section>\n\t\t\t\t<\/div>\n\t\t","protected":false},"excerpt":{"rendered":"<p>News et cas pratiques Home En pratique assurances sociales Gestion des assurances sociales en cas de travail transfrontalier Un \u00e9tablissement de droit public suisse a \u00e9t\u00e9 confront\u00e9 \u00e0 une probl\u00e9matique complexe li\u00e9e aux assurances socialesd\u2019une employ\u00e9e domicili\u00e9e dans un pays de l\u2019Union Europ\u00e9enne, b\u00e9n\u00e9ficiant du t\u00e9l\u00e9travail. Le cadre juridique des assurances sociales est particuli\u00e8rement d\u00e9licat [&hellip;]<\/p>\n","protected":false},"author":1,"featured_media":0,"parent":0,"menu_order":0,"comment_status":"closed","ping_status":"closed","template":"elementor_header_footer","meta":{"_seopress_robots_primary_cat":"","_seopress_titles_title":"","_seopress_titles_desc":"","_seopress_robots_index":"","_seopress_analysis_target_kw":"","footnotes":""},"class_list":["post-1797","page","type-page","status-publish","hentry"],"_links":{"self":[{"href":"https:\/\/www.fiducie-r.ch\/de\/wp-json\/wp\/v2\/pages\/1797","targetHints":{"allow":["GET"]}}],"collection":[{"href":"https:\/\/www.fiducie-r.ch\/de\/wp-json\/wp\/v2\/pages"}],"about":[{"href":"https:\/\/www.fiducie-r.ch\/de\/wp-json\/wp\/v2\/types\/page"}],"author":[{"embeddable":true,"href":"https:\/\/www.fiducie-r.ch\/de\/wp-json\/wp\/v2\/users\/1"}],"replies":[{"embeddable":true,"href":"https:\/\/www.fiducie-r.ch\/de\/wp-json\/wp\/v2\/comments?post=1797"}],"version-history":[{"count":0,"href":"https:\/\/www.fiducie-r.ch\/de\/wp-json\/wp\/v2\/pages\/1797\/revisions"}],"wp:attachment":[{"href":"https:\/\/www.fiducie-r.ch\/de\/wp-json\/wp\/v2\/media?parent=1797"}],"curies":[{"name":"wp","href":"https:\/\/api.w.org\/{rel}","templated":true}]}}