{"id":1813,"date":"2025-10-12T17:12:06","date_gmt":"2025-10-12T15:12:06","guid":{"rendered":"https:\/\/www.fiducie-r.ch\/protection_des_donnees-2\/"},"modified":"2026-03-14T15:49:52","modified_gmt":"2026-03-14T14:49:52","slug":"datenschutz","status":"publish","type":"page","link":"https:\/\/www.fiducie-r.ch\/de\/datenschutz\/","title":{"rendered":"Datenschutz"},"content":{"rendered":"\t\t<div data-elementor-type=\"wp-page\" data-elementor-id=\"1813\" class=\"elementor elementor-1813 elementor-1137\" data-elementor-post-type=\"page\">\n\t\t\t\t<div class=\"elementor-element elementor-element-abd5d0b e-flex e-con-boxed e-con e-parent\" data-id=\"abd5d0b\" data-element_type=\"container\" data-e-type=\"container\" data-settings=\"{&quot;background_background&quot;:&quot;classic&quot;}\">\n\t\t\t\t\t<div class=\"e-con-inner\">\n\t\t\t\t<div class=\"elementor-element elementor-element-f937c6e elementor-widget elementor-widget-heading\" data-id=\"f937c6e\" data-element_type=\"widget\" data-e-type=\"widget\" data-widget_type=\"heading.default\">\n\t\t\t\t<div class=\"elementor-widget-container\">\n\t\t\t\t\t<h2 class=\"elementor-heading-title elementor-size-default\">Datenschutz<\/h2>\t\t\t\t<\/div>\n\t\t\t\t<\/div>\n\t\t\t\t<div class=\"elementor-element elementor-element-f47c068 elementor-icon-list--layout-inline elementor-align-center elementor-list-item-link-full_width elementor-invisible elementor-widget elementor-widget-icon-list\" data-id=\"f47c068\" data-element_type=\"widget\" data-e-type=\"widget\" data-settings=\"{&quot;_animation&quot;:&quot;fadeInUp&quot;,&quot;_animation_delay&quot;:200}\" data-widget_type=\"icon-list.default\">\n\t\t\t\t<div class=\"elementor-widget-container\">\n\t\t\t\t\t\t\t<ul class=\"elementor-icon-list-items elementor-inline-items\">\n\t\t\t\t\t\t\t<li class=\"elementor-icon-list-item elementor-inline-item\">\n\t\t\t\t\t\t\t\t\t\t<span class=\"elementor-icon-list-text\">Startseite<\/span>\n\t\t\t\t\t\t\t\t\t<\/li>\n\t\t\t\t\t\t\t\t<li class=\"elementor-icon-list-item elementor-inline-item\">\n\t\t\t\t\t\t\t\t\t\t\t<span class=\"elementor-icon-list-icon\">\n\t\t\t\t\t\t\t<svg aria-hidden=\"true\" class=\"e-font-icon-svg e-fas-long-arrow-alt-right\" viewBox=\"0 0 448 512\" xmlns=\"http:\/\/www.w3.org\/2000\/svg\"><path d=\"M313.941 216H12c-6.627 0-12 5.373-12 12v56c0 6.627 5.373 12 12 12h301.941v46.059c0 21.382 25.851 32.09 40.971 16.971l86.059-86.059c9.373-9.373 9.373-24.569 0-33.941l-86.059-86.059c-15.119-15.119-40.971-4.411-40.971 16.971V216z\"><\/path><\/svg>\t\t\t\t\t\t<\/span>\n\t\t\t\t\t\t\t\t\t\t<span class=\"elementor-icon-list-text\">Datenschutz<\/span>\n\t\t\t\t\t\t\t\t\t<\/li>\n\t\t\t\t\t\t<\/ul>\n\t\t\t\t\t\t<\/div>\n\t\t\t\t<\/div>\n\t\t\t\t\t<\/div>\n\t\t\t\t<\/div>\n\t\t<div class=\"elementor-element elementor-element-d8c3378 e-flex e-con-boxed e-con e-parent\" data-id=\"d8c3378\" data-element_type=\"container\" data-e-type=\"container\">\n\t\t\t\t\t<div class=\"e-con-inner\">\n\t\t\t\t<div class=\"elementor-element elementor-element-86b96bf elementor-widget elementor-widget-text-editor\" data-id=\"86b96bf\" data-element_type=\"widget\" data-e-type=\"widget\" data-widget_type=\"text-editor.default\">\n\t\t\t\t<div class=\"elementor-widget-container\">\n\t\t\t\t\t\t\t\t\t<h3>\u00a0<\/h3><h3><strong>Einleitung<\/strong><\/h3><p>Als Verantwortlicher f\u00fcr die Datenverarbeitung kann Fiducie\u2019r bestimmte Informationen \u00fcber nat\u00fcrliche Personen sammeln und verarbeiten. Dabei kann es sich um Kunden, Interessenten, Lieferanten, Vertreter, Gesch\u00e4ftskontakte, Subunternehmer, Dienstleister, Mitarbeitende und andere Personen handeln, mit denen Fiducie\u2019r eine direkte oder indirekte Beziehung unterh\u00e4lt oder die sie zu kontaktieren beabsichtigt. Diese Richtlinie beschreibt, wie die Daten von Fiducie\u2019r unter Einhaltung der geltenden Datenschutzgesetze und -vorschriften verarbeitet werden.<\/p><h3><strong>\u00dcber die von Fiducie\u2019r erhobenen Daten<\/strong><\/h3><p>Fiducie\u2019r erhebt personenbezogene Daten (\u201eDaten\u201c) von identifizierten oder identifizierbaren nat\u00fcrlichen Personen (jeweils eine \u201ebetroffene Person\u201c). Die Daten k\u00f6nnen eine betroffene Person direkt oder indirekt identifizieren. Die Art der erhobenen Daten kann in eine der folgenden Kategorien fallen:<\/p><ul><li>Identifikationsdaten wie vollst\u00e4ndiger Name, Geschlecht, Familienstand, Geburtsdatum und -ort, Reisepassnummer, nationale Identifikationsnummer, Steueridentifikationsnummer, Unterschrift, Foto, Video- oder Tonaufnahmen;<\/li><li>Kontaktdaten wie Privatadresse, Telefonnummer, E-Mail-Adresse oder jegliche Informationen, die eine betroffene Person beim Ausf\u00fcllen eines von Fiducie\u2019r bereitgestellten Formulars angeben k\u00f6nnte;<\/li><li>Finanzdaten wie Bankkontonummer, Kontoausz\u00fcge, Lohnbescheinigungen, von Beh\u00f6rden oder privaten oder \u00f6ffentlichen Stellen ausgestellte Bescheinigungen, Verwaltungskorrespondenz oder Informationen zum Verm\u00f6gen einer betroffenen Person;<\/li><li>Berufliche Daten wie Steuererkl\u00e4rungen, Korrespondenz mit Steuerbeh\u00f6rden;<\/li><li>Marketing- und Kommunikationsdaten;<\/li><li>Berufliche Daten wie ausge\u00fcbter Beruf, Gesch\u00e4ftsadresse, gesch\u00e4ftliche Telefonnummer, gesch\u00e4ftliche E-Mail-Adresse;<\/li><\/ul><p>Fiducie\u2019r kann Ihre pers\u00f6nlichen Informationen verwenden, um Ihnen Newsletter, Marketing- oder Werbedokumente sowie andere f\u00fcr Sie interessante Informationen zuzusenden. Sie k\u00f6nnen w\u00e4hlen, keine oder nur bestimmte dieser Mitteilungen von Fiducie\u2019r mehr zu erhalten, indem Sie dem Abmeldelink oder den Anweisungen in jeder Marketing-E-Mail folgen.<\/p><p>Die erhobenen oder gespeicherten Daten k\u00f6nnen aus verschiedenen Quellen stammen. Einige werden direkt bei der betroffenen Person erhoben. Daten k\u00f6nnen auch in der Vergangenheit gem\u00e4\u00df den damals geltenden Vorschriften erhoben worden sein. Die Quelle kann auch aus Aufzeichnungen von Korrespondenz und Kommunikation zwischen einer betroffenen Person und Fiducie\u2019r bestehen, insbesondere der Aufbewahrung von E-Mails, Kommunikation in sozialen Netzwerken oder jeglicher anderer Art von Austausch und Kommunikation. Daten k\u00f6nnen auch im Rahmen von Kundengespr\u00e4chen oder -besuchen erhoben werden. Einige Daten k\u00f6nnen aus \u00f6ffentlich zug\u00e4nglichen Quellen stammen (z. B. \u00f6ffentliche Register, Presse und Websites) oder von externen Unternehmen bezogen worden sein (z. B. elektronische Datenbanken).<\/p><p>Die betroffenen Personen m\u00fcssen sicherstellen, dass die sie betreffenden und von Fiducie\u2019r erhobenen Daten korrekt, relevant und aktuell sind.<\/p><h3><strong>Rechtsgrundlage und Zwecke der Datenverarbeitung<\/strong><\/h3><p>Fiducie\u2019r verwendet die Daten entweder mit Einwilligung der betroffenen Person oder wenn die Nutzung auf einer Rechtsgrundlage beruht:<\/p><ul><li>Erf\u00fcllung eines bestehenden Vertrags zwischen einer betroffenen Person und Fiducie\u2019r oder vorvertraglicher Ma\u00dfnahmen;<\/li><li>Einhaltung gesetzlicher oder regulatorischer Verpflichtungen;<\/li><li>Wahrung eines \u00f6ffentlichen Interesses, wie die Verhinderung oder Aufdeckung von Betrug oder anderen kriminellen Aktivit\u00e4ten;<\/li><li>Interaktion mit Regierungs- oder Aufsichtsbeh\u00f6rden oder anderen zust\u00e4ndigen kantonalen oder nationalen Beh\u00f6rden;<\/li><li>Verfolgung und Schutz der berechtigten Interessen von Fiducie\u2019r, wie die Entwicklung der Gesch\u00e4ftsbeziehung insbesondere durch Bereitstellung von Informationen \u00fcber von Fiducie\u2019r oder Drittpartnern angebotene Dienstleistungen und Produkte, Verbesserung der Organisation und internen Prozesse von Fiducie\u2019r, jegliche Risikobewertung, der Schutz oder die Aus\u00fcbung von Rechten vor Gerichten sowie die Zusammenarbeit im Rahmen von Ermittlungen, die von Beh\u00f6rden in der Schweiz oder im Ausland eingeleitet wurden.<\/li><\/ul>\t\t\t\t\t\t\t\t<\/div>\n\t\t\t\t<\/div>\n\t\t\t\t\t<\/div>\n\t\t\t\t<\/div>\n\t\t<div class=\"elementor-element elementor-element-e40025a e-flex e-con-boxed e-con e-parent\" data-id=\"e40025a\" data-element_type=\"container\" data-e-type=\"container\">\n\t\t\t\t\t<div class=\"e-con-inner\">\n\t\t\t\t<div class=\"elementor-element elementor-element-8906280 elementor-widget elementor-widget-spacer\" data-id=\"8906280\" data-element_type=\"widget\" data-e-type=\"widget\" data-widget_type=\"spacer.default\">\n\t\t\t\t<div class=\"elementor-widget-container\">\n\t\t\t\t\t\t\t<div class=\"elementor-spacer\">\n\t\t\t<div class=\"elementor-spacer-inner\"><\/div>\n\t\t<\/div>\n\t\t\t\t\t\t<\/div>\n\t\t\t\t<\/div>\n\t\t\t\t\t<\/div>\n\t\t\t\t<\/div>\n\t\t\t\t<\/div>\n\t\t","protected":false},"excerpt":{"rendered":"<p>Protection des donn\u00e9es Page d&#8217;accueil Protection des donn\u00e9es \u00a0 Introduction En tant que responsable du traitement de donn\u00e9es, Fiducie\u2019r peut \u00eatre amen\u00e9e \u00e0 collecter et traiter certaines informations concernant des personnes physiques. Il peut s&#8217;agir de clients, de prospects, de fournisseurs, de repr\u00e9sentants, de contacts professionnels, de sous-traitants, de prestataires de services, d&#8217;employ\u00e9s et d&#8217;autres [&hellip;]<\/p>\n","protected":false},"author":2,"featured_media":0,"parent":0,"menu_order":0,"comment_status":"closed","ping_status":"closed","template":"elementor_header_footer","meta":{"_seopress_robots_primary_cat":"","_seopress_titles_title":"","_seopress_titles_desc":"","_seopress_robots_index":"","_seopress_analysis_target_kw":"","footnotes":""},"class_list":["post-1813","page","type-page","status-publish","hentry"],"_links":{"self":[{"href":"https:\/\/www.fiducie-r.ch\/de\/wp-json\/wp\/v2\/pages\/1813","targetHints":{"allow":["GET"]}}],"collection":[{"href":"https:\/\/www.fiducie-r.ch\/de\/wp-json\/wp\/v2\/pages"}],"about":[{"href":"https:\/\/www.fiducie-r.ch\/de\/wp-json\/wp\/v2\/types\/page"}],"author":[{"embeddable":true,"href":"https:\/\/www.fiducie-r.ch\/de\/wp-json\/wp\/v2\/users\/2"}],"replies":[{"embeddable":true,"href":"https:\/\/www.fiducie-r.ch\/de\/wp-json\/wp\/v2\/comments?post=1813"}],"version-history":[{"count":0,"href":"https:\/\/www.fiducie-r.ch\/de\/wp-json\/wp\/v2\/pages\/1813\/revisions"}],"wp:attachment":[{"href":"https:\/\/www.fiducie-r.ch\/de\/wp-json\/wp\/v2\/media?parent=1813"}],"curies":[{"name":"wp","href":"https:\/\/api.w.org\/{rel}","templated":true}]}}