{"id":1814,"date":"2025-10-13T10:32:00","date_gmt":"2025-10-13T08:32:00","guid":{"rendered":"https:\/\/www.fiducie-r.ch\/conditions-dutilisation-2\/"},"modified":"2026-03-14T15:49:53","modified_gmt":"2026-03-14T14:49:53","slug":"nutzungsbedingungen","status":"publish","type":"page","link":"https:\/\/www.fiducie-r.ch\/de\/nutzungsbedingungen\/","title":{"rendered":"Nutzungsbedingungen"},"content":{"rendered":"\t\t<div data-elementor-type=\"wp-page\" data-elementor-id=\"1814\" class=\"elementor elementor-1814 elementor-1169\" data-elementor-post-type=\"page\">\n\t\t\t\t<div class=\"elementor-element elementor-element-419ec29 e-flex e-con-boxed e-con e-parent\" data-id=\"419ec29\" data-element_type=\"container\" data-e-type=\"container\" data-settings=\"{&quot;background_background&quot;:&quot;classic&quot;}\">\n\t\t\t\t\t<div class=\"e-con-inner\">\n\t\t\t\t<div class=\"elementor-element elementor-element-4ea96ac elementor-widget elementor-widget-heading\" data-id=\"4ea96ac\" data-element_type=\"widget\" data-e-type=\"widget\" data-widget_type=\"heading.default\">\n\t\t\t\t<div class=\"elementor-widget-container\">\n\t\t\t\t\t<h2 class=\"elementor-heading-title elementor-size-default\">Nutzungsbedingungen<\/h2>\t\t\t\t<\/div>\n\t\t\t\t<\/div>\n\t\t\t\t<div class=\"elementor-element elementor-element-9396a33 elementor-icon-list--layout-inline elementor-align-center elementor-list-item-link-full_width elementor-invisible elementor-widget elementor-widget-icon-list\" data-id=\"9396a33\" data-element_type=\"widget\" data-e-type=\"widget\" data-settings=\"{&quot;_animation&quot;:&quot;fadeInUp&quot;,&quot;_animation_delay&quot;:200}\" data-widget_type=\"icon-list.default\">\n\t\t\t\t<div class=\"elementor-widget-container\">\n\t\t\t\t\t\t\t<ul class=\"elementor-icon-list-items elementor-inline-items\">\n\t\t\t\t\t\t\t<li class=\"elementor-icon-list-item elementor-inline-item\">\n\t\t\t\t\t\t\t\t\t\t<span class=\"elementor-icon-list-text\">Startseite<\/span>\n\t\t\t\t\t\t\t\t\t<\/li>\n\t\t\t\t\t\t\t\t<li class=\"elementor-icon-list-item elementor-inline-item\">\n\t\t\t\t\t\t\t\t\t\t\t<span class=\"elementor-icon-list-icon\">\n\t\t\t\t\t\t\t<svg aria-hidden=\"true\" class=\"e-font-icon-svg e-fas-long-arrow-alt-right\" viewBox=\"0 0 448 512\" xmlns=\"http:\/\/www.w3.org\/2000\/svg\"><path d=\"M313.941 216H12c-6.627 0-12 5.373-12 12v56c0 6.627 5.373 12 12 12h301.941v46.059c0 21.382 25.851 32.09 40.971 16.971l86.059-86.059c9.373-9.373 9.373-24.569 0-33.941l-86.059-86.059c-15.119-15.119-40.971-4.411-40.971 16.971V216z\"><\/path><\/svg>\t\t\t\t\t\t<\/span>\n\t\t\t\t\t\t\t\t\t\t<span class=\"elementor-icon-list-text\">Rechtliche Hinweise<\/span>\n\t\t\t\t\t\t\t\t\t<\/li>\n\t\t\t\t\t\t<\/ul>\n\t\t\t\t\t\t<\/div>\n\t\t\t\t<\/div>\n\t\t\t\t\t<\/div>\n\t\t\t\t<\/div>\n\t\t<div class=\"elementor-element elementor-element-40911af e-flex e-con-boxed e-con e-parent\" data-id=\"40911af\" data-element_type=\"container\" data-e-type=\"container\">\n\t\t\t\t\t<div class=\"e-con-inner\">\n\t\t\t\t<div class=\"elementor-element elementor-element-ef0f4a9 elementor-widget elementor-widget-text-editor\" data-id=\"ef0f4a9\" data-element_type=\"widget\" data-e-type=\"widget\" data-widget_type=\"text-editor.default\">\n\t\t\t\t<div class=\"elementor-widget-container\">\n\t\t\t\t\t\t\t\t\t<p>\u00a0<\/p><p style=\"text-align: left;\">Der Inhalt der Website <a href=\"http:\/\/www.fiducie-r.ch\/\">www.fiducie-r.ch<\/a> (\u201eWebsite\u201c) wird von Fiducie\u2019r S\u00e0rl (\u201eFiducie\u2019r\u201c) bereitgestellt. Der Zugriff auf die Website ist f\u00fcr alle Nutzer untersagt, soweit dieser Zugriff gegen geltende gesetzliche und regulatorische Bestimmungen verst\u00f6\u00dft. Durch den Zugriff auf die auf dieser Website enthaltenen Informationen und Werkzeuge akzeptieren Sie diese Nutzungsbedingungen (\u201eNutzungsbedingungen\u201c). Wenn Sie diese Nutzungsbedingungen nicht akzeptieren, d\u00fcrfen Sie weder auf die Website noch auf die darin enthaltenen Informationen und Werkzeuge zugreifen. Mit der Nutzung dieser Website erkennen Sie an, dass die Nutzungsbedingungen sowie die auf dieser Website enthaltenen Informationen und Werkzeuge ohne Vorank\u00fcndigung ge\u00e4ndert oder entfernt werden k\u00f6nnen.<\/p><p>Die auf dieser Website enthaltenen Informationen dienen ausschlie\u00dflich Informations- und Werbezwecken. Sie stellen weder ein Dienstleistungsangebot noch eine individuelle Beratung dar. Weder der Empfang noch die Verbreitung von Informationen \u00fcber diese Website begr\u00fcnden eine Kundenbeziehung zwischen einem Nutzer dieser Website und Fiducie\u2019r. Diese Website kann Informationen oder Aussagen enthalten, die auf Interpretationen von Fakten oder Prognosen zu zuk\u00fcnftigen Ereignissen basieren. Diese Informationen oder Aussagen beruhen ausschlie\u00dflich auf dem Verst\u00e4ndnis, den Erwartungen oder Sch\u00e4tzungen, die Fiducie\u2019r in Bezug auf diese Fakten haben kann. Diese Informationen oder Aussagen k\u00f6nnen unsicher sein und das Risiko beinhalten, dass Annahmen, unvorhergesehene oder nicht ber\u00fccksichtigte Ereignisse oder andere Faktoren zu Entwicklungen f\u00fchren k\u00f6nnen, die erheblich von den Prognosen oder Aussagen von Fiducie\u2019r abweichen. Zu diesen Faktoren k\u00f6nnen insbesondere wirtschaftliche und gesch\u00e4ftliche Entwicklungen oder die Einf\u00fchrung oder Abschaffung relevanter Gesetze und Vorschriften geh\u00f6ren. Durch die Nutzung dieser Website erkennen Sie an, dass Fiducie\u2019r keine Verpflichtung zur Aktualisierung oder \u00c4nderung der auf dieser Website enthaltenen Informationen oder Aussagen im Falle von Entwicklungen hat, die sich auf den Inhalt dieser Website auswirken k\u00f6nnten.<\/p><p>Einige auf dieser Website enthaltene Informationen k\u00f6nnen aus Dritquellen stammen, die Fiducie\u2019r als zuverl\u00e4ssig erachtet. Fiducie\u2019r \u00fcbernimmt jedoch keine Garantie f\u00fcr die Richtigkeit des Inhalts dieser Website, weder zum Zeitpunkt der Ver\u00f6ffentlichung noch zu einem sp\u00e4teren Zeitpunkt. Dar\u00fcber hinaus kann diese Website Links zu Websites Dritter enthalten, deren Aktivierung auf eigenes Risiko des jeweiligen Nutzers erfolgt. Fiducie\u2019r \u00fcbernimmt keine Garantie f\u00fcr die Richtigkeit der auf Websites Dritter enthaltenen Informationen. Die Links auf dieser Website sind nicht als Best\u00e4tigung des Inhalts dieser Drittanbieter-Websites zu verstehen.<\/p><p>Fiducie\u2019r \u00fcbernimmt keine Haftung \u2013 soweit gesetzlich zul\u00e4ssig \u2013 f\u00fcr Verluste oder Sch\u00e4den jeglicher Art, direkt oder indirekt, die durch die Nutzung von Inhalten oder Informationen auf dieser Website entstehen. Fiducie\u2019r \u00fcbernimmt keine Garantie f\u00fcr die Verf\u00fcgbarkeit und den Zugang zu dieser Website. Jeder Nutzer erkennt an, dass diese Website Ziel von Cyberangriffen jeglicher Art sein kann und deren Nutzung dadurch unm\u00f6glich oder eingeschr\u00e4nkt sein kann. Die Nutzung dieser Website erfolgt auf eigenes Risiko des jeweiligen Nutzers.<\/p><p>Die gesamte Website unterliegt dem Urheberrecht und alle Rechte sind vorbehalten. Jegliche Kopie oder Vervielf\u00e4ltigung von Teilen oder der gesamten Website ohne die Erlaubnis von Fiducie\u2019r ist untersagt. Jede Nutzung oder Kopie des Logos, des Designs oder anderer geistiger Eigentumselemente sowie das Einrichten von Links zu dieser Website bed\u00fcrfen der vorherigen Genehmigung von Fiducie\u2019r.<\/p><p>10.2025<\/p>\t\t\t\t\t\t\t\t<\/div>\n\t\t\t\t<\/div>\n\t\t\t\t\t<\/div>\n\t\t\t\t<\/div>\n\t\t\t\t<\/div>\n\t\t","protected":false},"excerpt":{"rendered":"<p>Conditions d&#8217;utilisation Page d&#8217;accueil Mentions l\u00e9gales \u00a0 Le contenu du site web www.fiducie-r.ch (\u00ab site web \u00bb) est fourni par Fiducie\u2019r S\u00e0rl (\u00ab Fiducie\u2019r \u00bb). L&#8217;acc\u00e8s au site web est interdit \u00e0 tout utilisateur dans la mesure o\u00f9 cet acc\u00e8s est contraire aux dispositions l\u00e9gales et r\u00e9glementaires applicables. En acc\u00e9dant aux informations et outils contenus [&hellip;]<\/p>\n","protected":false},"author":2,"featured_media":0,"parent":0,"menu_order":0,"comment_status":"closed","ping_status":"closed","template":"elementor_header_footer","meta":{"_seopress_robots_primary_cat":"","_seopress_titles_title":"","_seopress_titles_desc":"","_seopress_robots_index":"","_seopress_analysis_target_kw":"","footnotes":""},"class_list":["post-1814","page","type-page","status-publish","hentry"],"_links":{"self":[{"href":"https:\/\/www.fiducie-r.ch\/de\/wp-json\/wp\/v2\/pages\/1814","targetHints":{"allow":["GET"]}}],"collection":[{"href":"https:\/\/www.fiducie-r.ch\/de\/wp-json\/wp\/v2\/pages"}],"about":[{"href":"https:\/\/www.fiducie-r.ch\/de\/wp-json\/wp\/v2\/types\/page"}],"author":[{"embeddable":true,"href":"https:\/\/www.fiducie-r.ch\/de\/wp-json\/wp\/v2\/users\/2"}],"replies":[{"embeddable":true,"href":"https:\/\/www.fiducie-r.ch\/de\/wp-json\/wp\/v2\/comments?post=1814"}],"version-history":[{"count":0,"href":"https:\/\/www.fiducie-r.ch\/de\/wp-json\/wp\/v2\/pages\/1814\/revisions"}],"wp:attachment":[{"href":"https:\/\/www.fiducie-r.ch\/de\/wp-json\/wp\/v2\/media?parent=1814"}],"curies":[{"name":"wp","href":"https:\/\/api.w.org\/{rel}","templated":true}]}}