{"id":1896,"date":"2025-10-13T10:32:00","date_gmt":"2025-10-13T08:32:00","guid":{"rendered":"https:\/\/www.fiducie-r.ch\/conditions-dutilisation-2\/"},"modified":"2026-03-14T16:09:49","modified_gmt":"2026-03-14T15:09:49","slug":"terms-of-use","status":"publish","type":"page","link":"https:\/\/www.fiducie-r.ch\/en\/terms-of-use\/","title":{"rendered":"Terms of Use"},"content":{"rendered":"\t\t<div data-elementor-type=\"wp-page\" data-elementor-id=\"1896\" class=\"elementor elementor-1896 elementor-1169\" data-elementor-post-type=\"page\">\n\t\t\t\t<div class=\"elementor-element elementor-element-419ec29 e-flex e-con-boxed e-con e-parent\" data-id=\"419ec29\" data-element_type=\"container\" data-e-type=\"container\" data-settings=\"{&quot;background_background&quot;:&quot;classic&quot;}\">\n\t\t\t\t\t<div class=\"e-con-inner\">\n\t\t\t\t<div class=\"elementor-element elementor-element-4ea96ac elementor-widget elementor-widget-heading\" data-id=\"4ea96ac\" data-element_type=\"widget\" data-e-type=\"widget\" data-widget_type=\"heading.default\">\n\t\t\t\t<div class=\"elementor-widget-container\">\n\t\t\t\t\t<h2 class=\"elementor-heading-title elementor-size-default\">Terms of Use<\/h2>\t\t\t\t<\/div>\n\t\t\t\t<\/div>\n\t\t\t\t<div class=\"elementor-element elementor-element-9396a33 elementor-icon-list--layout-inline elementor-align-center elementor-list-item-link-full_width elementor-invisible elementor-widget elementor-widget-icon-list\" data-id=\"9396a33\" data-element_type=\"widget\" data-e-type=\"widget\" data-settings=\"{&quot;_animation&quot;:&quot;fadeInUp&quot;,&quot;_animation_delay&quot;:200}\" data-widget_type=\"icon-list.default\">\n\t\t\t\t<div class=\"elementor-widget-container\">\n\t\t\t\t\t\t\t<ul class=\"elementor-icon-list-items elementor-inline-items\">\n\t\t\t\t\t\t\t<li class=\"elementor-icon-list-item elementor-inline-item\">\n\t\t\t\t\t\t\t\t\t\t<span class=\"elementor-icon-list-text\">Homepage<\/span>\n\t\t\t\t\t\t\t\t\t<\/li>\n\t\t\t\t\t\t\t\t<li class=\"elementor-icon-list-item elementor-inline-item\">\n\t\t\t\t\t\t\t\t\t\t\t<span class=\"elementor-icon-list-icon\">\n\t\t\t\t\t\t\t<svg aria-hidden=\"true\" class=\"e-font-icon-svg e-fas-long-arrow-alt-right\" viewBox=\"0 0 448 512\" xmlns=\"http:\/\/www.w3.org\/2000\/svg\"><path d=\"M313.941 216H12c-6.627 0-12 5.373-12 12v56c0 6.627 5.373 12 12 12h301.941v46.059c0 21.382 25.851 32.09 40.971 16.971l86.059-86.059c9.373-9.373 9.373-24.569 0-33.941l-86.059-86.059c-15.119-15.119-40.971-4.411-40.971 16.971V216z\"><\/path><\/svg>\t\t\t\t\t\t<\/span>\n\t\t\t\t\t\t\t\t\t\t<span class=\"elementor-icon-list-text\">Legal Notice<\/span>\n\t\t\t\t\t\t\t\t\t<\/li>\n\t\t\t\t\t\t<\/ul>\n\t\t\t\t\t\t<\/div>\n\t\t\t\t<\/div>\n\t\t\t\t\t<\/div>\n\t\t\t\t<\/div>\n\t\t<div class=\"elementor-element elementor-element-40911af e-flex e-con-boxed e-con e-parent\" data-id=\"40911af\" data-element_type=\"container\" data-e-type=\"container\">\n\t\t\t\t\t<div class=\"e-con-inner\">\n\t\t\t\t<div class=\"elementor-element elementor-element-ef0f4a9 elementor-widget elementor-widget-text-editor\" data-id=\"ef0f4a9\" data-element_type=\"widget\" data-e-type=\"widget\" data-widget_type=\"text-editor.default\">\n\t\t\t\t<div class=\"elementor-widget-container\">\n\t\t\t\t\t\t\t\t\t<p>\u00a0<\/p><p style=\"text-align: left;\">The content of the website <a href=\"http:\/\/www.fiducie-r.ch\/\">www.fiducie-r.ch<\/a> (\u201cwebsite\u201d) is provided by Fiducie\u2019r S\u00e0rl (\u201cFiducie\u2019r\u201d). Access to the website is prohibited for any user insofar as such access is contrary to applicable legal and regulatory provisions. By accessing the information and tools contained on this website, you accept these terms of use (\u201cTerms of Use\u201d). If you do not accept these Terms of Use, you may not access the website or the information and tools it contains. By using this website, you acknowledge that the Terms of Use as well as the information and tools contained on this website may be modified or removed without notice.<\/p><p>The information contained on this website is intended solely for informational and advertising purposes. It does not constitute an offer of service or personalized advice. Neither the receipt nor the distribution of information through this website shall establish a client relationship between a user of this website and Fiducie\u2019r. This website may contain information or statements based on interpretations of facts or projections concerning future events. Such information or statements are based solely on Fiducie\u2019r\u2019s understanding, expectations, or estimates regarding these facts. These information or statements may be uncertain and involve the risk that assumptions, unforeseen or unconsidered events, or other factors may lead to developments that substantially differ from Fiducie\u2019r\u2019s forecasts or statements. Such factors may notably include economic and commercial developments or the introduction or removal of relevant laws and regulations. By using this website, you acknowledge that Fiducie\u2019r has no obligation to update or modify the information or statements contained on this website in the event of developments likely to impact the content of this website.<\/p><p>Certain information contained on this website may be obtained from third-party sources that Fiducie\u2019r considers reliable. However, Fiducie\u2019r gives no guarantee as to the accuracy of the content of this website, whether at the time of publication or at any later date. Furthermore, this website may contain links to websites operated by third parties, activation of which is at the risk of each user. Fiducie\u2019r gives no guarantee as to the accuracy of the information contained on third-party sites. Links on this website should not be considered as an endorsement of the content of these third-party websites.<\/p><p>Fiducie\u2019r assumes no liability \u2013 to the extent permitted by applicable laws \u2013 for any loss or damage of any kind, direct or indirect, caused by the use of any content or information provided on this website. Fiducie\u2019r gives no guarantee as to the availability and access to this website. Each user acknowledges that this website may be subject to cyberattacks of any kind and its use may become impossible or limited. Use of this website is at the risk of each user.<\/p><p>The entire website is subject to copyright and all rights are reserved. Any copying or reproduction of all or part of this website without the authorization of Fiducie\u2019r is prohibited. Any use or copying of the logo, design, or any other intellectual property element as well as the establishment of links to this website requires prior authorization from Fiducie\u2019r.<\/p><p>10.2025<\/p>\t\t\t\t\t\t\t\t<\/div>\n\t\t\t\t<\/div>\n\t\t\t\t\t<\/div>\n\t\t\t\t<\/div>\n\t\t\t\t<\/div>\n\t\t","protected":false},"excerpt":{"rendered":"<p>Conditions d&#8217;utilisation Page d&#8217;accueil Mentions l\u00e9gales \u00a0 Le contenu du site web www.fiducie-r.ch (\u00ab site web \u00bb) est fourni par Fiducie\u2019r S\u00e0rl (\u00ab Fiducie\u2019r \u00bb). L&#8217;acc\u00e8s au site web est interdit \u00e0 tout utilisateur dans la mesure o\u00f9 cet acc\u00e8s est contraire aux dispositions l\u00e9gales et r\u00e9glementaires applicables. En acc\u00e9dant aux informations et outils contenus [&hellip;]<\/p>\n","protected":false},"author":2,"featured_media":0,"parent":0,"menu_order":0,"comment_status":"closed","ping_status":"closed","template":"elementor_header_footer","meta":{"_seopress_robots_primary_cat":"","_seopress_titles_title":"","_seopress_titles_desc":"","_seopress_robots_index":"","_seopress_analysis_target_kw":"","footnotes":""},"class_list":["post-1896","page","type-page","status-publish","hentry"],"_links":{"self":[{"href":"https:\/\/www.fiducie-r.ch\/en\/wp-json\/wp\/v2\/pages\/1896","targetHints":{"allow":["GET"]}}],"collection":[{"href":"https:\/\/www.fiducie-r.ch\/en\/wp-json\/wp\/v2\/pages"}],"about":[{"href":"https:\/\/www.fiducie-r.ch\/en\/wp-json\/wp\/v2\/types\/page"}],"author":[{"embeddable":true,"href":"https:\/\/www.fiducie-r.ch\/en\/wp-json\/wp\/v2\/users\/2"}],"replies":[{"embeddable":true,"href":"https:\/\/www.fiducie-r.ch\/en\/wp-json\/wp\/v2\/comments?post=1896"}],"version-history":[{"count":0,"href":"https:\/\/www.fiducie-r.ch\/en\/wp-json\/wp\/v2\/pages\/1896\/revisions"}],"wp:attachment":[{"href":"https:\/\/www.fiducie-r.ch\/en\/wp-json\/wp\/v2\/media?parent=1896"}],"curies":[{"name":"wp","href":"https:\/\/api.w.org\/{rel}","templated":true}]}}